{"id":8,"date":"2025-10-28T15:23:27","date_gmt":"2025-10-28T15:23:27","guid":{"rendered":"https:\/\/alexandrecavaliere.com\/?page_id=8"},"modified":"2025-12-06T12:48:37","modified_gmt":"2025-12-06T12:48:37","slug":"accueil","status":"publish","type":"page","link":"http:\/\/alexandrecavaliere.com\/en\/","title":{"rendered":"Home"},"content":{"rendered":"<h1 class=\"wp-block-heading has-text-align-center animated fadeIn slower\">Alexandre Cavaliere<\/h1>\n\n\n\n<h3 class=\"wp-block-heading has-text-align-center animated fadeIn slower delay-1s\">Jazz violinist and composer<\/h3>\n\n\n\n<div class=\"wp-block-buttons is-content-justification-center is-layout-flex wp-container-core-buttons-is-layout-16018d1d wp-block-buttons-is-layout-flex\">\n<div class=\"wp-block-button is-style-outline animated fadeIn delay-2s slower is-style-outline--1\"><a class=\"wp-block-button__link has-white-background-color has-background wp-element-button\" href=\"https:\/\/alexandrecavaliere.com\/index.php\/videos\/\"><strong>Listen \/ Watch <\/strong><\/a><\/div>\n\n\n\n<div class=\"wp-block-button is-style-outline animated fadeIn delay-2s slower is-style-outline--2\"><a class=\"wp-block-button__link has-white-background-color has-background wp-element-button\" href=\"https:\/\/alexandrecavaliere.com\/index.php\/concerts\/\"><strong>Upcoming concerts<\/strong><\/a><\/div>\n<\/div>\n\n\n\n<div style=\"height:100px\" aria-hidden=\"true\" class=\"wp-block-spacer\"><\/div>\n\n\n\n<h2 class=\"wp-block-heading\">A distinctive voice in jazz violin<\/h2>\n\n\n\n<p><mark style=\"background-color:rgba(0, 0, 0, 0)\" class=\"has-inline-color has-black-color\">A Belgian violinist, Alexandre Cavaliere blends virtuosity, lyricism, and improvisational freedom.<br>Between swing and modernity, his music combines energy, finesse, and melody.<br>Discover his albums, projects, and upcoming dates.<\/mark><\/p>\n\n\n\n<div style=\"height:100px\" aria-hidden=\"true\" class=\"wp-block-spacer\"><\/div>\n\n\n\n<h2 class=\"wp-block-heading\">Albums<\/h2>\n\n\n\n<div class=\"wp-block-columns is-layout-flex wp-container-core-columns-is-layout-9d6595d7 wp-block-columns-is-layout-flex\">\n<div class=\"wp-block-column is-layout-flow wp-block-column-is-layout-flow\">\n<figure class=\"wp-block-image size-full\"><img loading=\"lazy\" decoding=\"async\" width=\"1024\" height=\"1024\" src=\"https:\/\/alexandrecavaliere.com\/wp-content\/uploads\/2025\/10\/4446218-Manouche-Moderne-Alexandre-Cavaliere.jpg\" alt=\"\" class=\"wp-image-43\" srcset=\"http:\/\/alexandrecavaliere.com\/wp-content\/uploads\/2025\/10\/4446218-Manouche-Moderne-Alexandre-Cavaliere.jpg 1024w, http:\/\/alexandrecavaliere.com\/wp-content\/uploads\/2025\/10\/4446218-Manouche-Moderne-Alexandre-Cavaliere-300x300.jpg 300w, http:\/\/alexandrecavaliere.com\/wp-content\/uploads\/2025\/10\/4446218-Manouche-Moderne-Alexandre-Cavaliere-150x150.jpg 150w, http:\/\/alexandrecavaliere.com\/wp-content\/uploads\/2025\/10\/4446218-Manouche-Moderne-Alexandre-Cavaliere-768x768.jpg 768w\" sizes=\"auto, (max-width: 1024px) 100vw, 1024px\" \/><\/figure>\n\n\n\n<h4 class=\"wp-block-heading\">Manouche Moderne<\/h4>\n\n\n\n<div class=\"wp-block-buttons is-layout-flex wp-block-buttons-is-layout-flex\">\n<div class=\"wp-block-button is-style-outline is-style-outline--3\"><a class=\"wp-block-button__link has-white-background-color has-background wp-element-button\" href=\"https:\/\/alexandrecavaliere.com\/index.php\/albums\/\">View album<\/a><\/div>\n<\/div>\n<\/div>\n\n\n\n<div class=\"wp-block-column is-layout-flow wp-block-column-is-layout-flow\">\n<figure class=\"wp-block-image size-large\"><img loading=\"lazy\" decoding=\"async\" width=\"1024\" height=\"1024\" src=\"https:\/\/alexandrecavaliere.com\/wp-content\/uploads\/2025\/10\/a0208278330_10-1024x1024.jpg\" alt=\"\" class=\"wp-image-44\" srcset=\"http:\/\/alexandrecavaliere.com\/wp-content\/uploads\/2025\/10\/a0208278330_10-1024x1024.jpg 1024w, http:\/\/alexandrecavaliere.com\/wp-content\/uploads\/2025\/10\/a0208278330_10-300x300.jpg 300w, http:\/\/alexandrecavaliere.com\/wp-content\/uploads\/2025\/10\/a0208278330_10-150x150.jpg 150w, http:\/\/alexandrecavaliere.com\/wp-content\/uploads\/2025\/10\/a0208278330_10-768x768.jpg 768w, http:\/\/alexandrecavaliere.com\/wp-content\/uploads\/2025\/10\/a0208278330_10.jpg 1200w\" sizes=\"auto, (max-width: 1024px) 100vw, 1024px\" \/><\/figure>\n\n\n\n<h4 class=\"wp-block-heading\">Tribute to Didier Lockwood<\/h4>\n\n\n\n<div class=\"wp-block-buttons is-layout-flex wp-block-buttons-is-layout-flex\">\n<div class=\"wp-block-button is-style-outline is-style-outline--4\"><a class=\"wp-block-button__link has-white-background-color has-background wp-element-button\" href=\"https:\/\/alexandrecavaliere.com\/index.php\/albums\/\">View album<\/a><\/div>\n<\/div>\n<\/div>\n\n\n\n<div class=\"wp-block-column is-layout-flow wp-block-column-is-layout-flow\">\n<figure class=\"wp-block-image size-large\"><img loading=\"lazy\" decoding=\"async\" width=\"1024\" height=\"1024\" src=\"https:\/\/alexandrecavaliere.com\/wp-content\/uploads\/2025\/10\/Rebounce-3000px-cover\u00a9LucasRacasse-1024x1024.jpg\" alt=\"\" class=\"wp-image-47\" srcset=\"http:\/\/alexandrecavaliere.com\/wp-content\/uploads\/2025\/10\/Rebounce-3000px-cover\u00a9LucasRacasse-1024x1024.jpg 1024w, http:\/\/alexandrecavaliere.com\/wp-content\/uploads\/2025\/10\/Rebounce-3000px-cover\u00a9LucasRacasse-300x300.jpg 300w, http:\/\/alexandrecavaliere.com\/wp-content\/uploads\/2025\/10\/Rebounce-3000px-cover\u00a9LucasRacasse-150x150.jpg 150w, http:\/\/alexandrecavaliere.com\/wp-content\/uploads\/2025\/10\/Rebounce-3000px-cover\u00a9LucasRacasse-768x768.jpg 768w, http:\/\/alexandrecavaliere.com\/wp-content\/uploads\/2025\/10\/Rebounce-3000px-cover\u00a9LucasRacasse-1536x1536.jpg 1536w, http:\/\/alexandrecavaliere.com\/wp-content\/uploads\/2025\/10\/Rebounce-3000px-cover\u00a9LucasRacasse-2048x2048.jpg 2048w\" sizes=\"auto, (max-width: 1024px) 100vw, 1024px\" \/><\/figure>\n\n\n\n<h4 class=\"wp-block-heading\">Rebounce<\/h4>\n\n\n\n<div class=\"wp-block-buttons is-layout-flex wp-block-buttons-is-layout-flex\">\n<div class=\"wp-block-button is-style-outline is-style-outline--5\"><a class=\"wp-block-button__link has-white-background-color has-background wp-element-button\" href=\"https:\/\/alexandrecavaliere.com\/index.php\/albums\/\">View album<\/a><\/div>\n<\/div>\n<\/div>\n<\/div>\n\n\n\n<div style=\"height:100px\" aria-hidden=\"true\" class=\"wp-block-spacer\"><\/div>\n\n\n\n<h2 class=\"wp-block-heading\">Concerts<\/h2>\n\n\n\n<p><mark style=\"background-color:rgba(0, 0, 0, 0)\" class=\"has-inline-color has-black-color\">See Alexandre Cavaliere on stage in Belgium and abroad.<\/mark><\/p>\n\n\n\n<div class=\"wp-block-buttons is-layout-flex wp-block-buttons-is-layout-flex\">\n<div class=\"wp-block-button is-style-outline is-style-outline--6\"><a class=\"wp-block-button__link has-white-background-color has-background wp-element-button\" href=\"https:\/\/alexandrecavaliere.com\/index.php\/concerts\/\">All dates<\/a><\/div>\n<\/div>\n\n\n\n<div style=\"height:100px\" aria-hidden=\"true\" class=\"wp-block-spacer\"><\/div>\n\n\n\n<h2 class=\"wp-block-heading\">Teaching<\/h2>\n\n\n\n<p><mark style=\"background-color:rgba(0, 0, 0, 0)\" class=\"has-inline-color has-black-color\">Lessons, workshops, and masterclasses: a clear approach to jazz violin, from sound to improvisation.<\/mark><\/p>\n\n\n\n<div class=\"wp-block-buttons is-layout-flex wp-block-buttons-is-layout-flex\">\n<div class=\"wp-block-button is-style-outline is-style-outline--7\"><a class=\"wp-block-button__link has-white-background-color has-background wp-element-button\" href=\"https:\/\/alexandrecavaliere.com\/index.php\/contact\/\">Learn more<\/a><\/div>\n<\/div>\n\n\n\n<div style=\"height:100px\" aria-hidden=\"true\" class=\"wp-block-spacer\"><\/div>\n\n\n\n<hr class=\"wp-block-separator has-alpha-channel-opacity\"\/>\n\n\n\n<h2 class=\"wp-block-heading\">Contact<\/h2>\n\n\n\n<p><mark style=\"background-color:rgba(0, 0, 0, 0)\" class=\"has-inline-color has-black-color\">Booking : Scene Off. \u2013&nbsp;<a>info@sceneoff.com<\/a><br>Contact :&nbsp;<a>info@alexandrecavaliere.com<\/a><\/mark><\/p>\n\n\n\n<div class=\"wp-block-buttons is-layout-flex wp-block-buttons-is-layout-flex\">\n<div class=\"wp-block-button is-style-outline is-style-outline--8\"><a class=\"wp-block-button__link has-white-background-color has-background wp-element-button\" href=\"https:\/\/alexandrecavaliere.com\/index.php\/contact\/\">Contact<\/a><\/div>\n<\/div>\n\n\n\n<div style=\"height:100px\" aria-hidden=\"true\" class=\"wp-block-spacer\"><\/div>","protected":false},"excerpt":{"rendered":"<p>Alexandre Cavaliere Violoniste Jazz et compositeur Une voix singuli\u00e8re du violon jazz Violoniste belge, Alexandre Cavaliere allie virtuosit\u00e9, lyrisme et libert\u00e9 d\u2019improvisation.Entre swing et modernit\u00e9, sa musique m\u00eale \u00e9nergie, finesse et m\u00e9lodie.D\u00e9couvrez ses albums, projets et dates \u00e0 venir. Albums Manouche Moderne Tribute to Didier Lockwood Rebounce Concerts Retrouvez Alexandre Cavaliere sur sc\u00e8ne en Belgique [&hellip;]<\/p>","protected":false},"author":1,"featured_media":0,"parent":0,"menu_order":0,"comment_status":"closed","ping_status":"closed","template":"","meta":{"_themeisle_gutenberg_block_has_review":false,"footnotes":""},"class_list":["post-8","page","type-page","status-publish","hentry"],"_links":{"self":[{"href":"http:\/\/alexandrecavaliere.com\/en\/wp-json\/wp\/v2\/pages\/8","targetHints":{"allow":["GET"]}}],"collection":[{"href":"http:\/\/alexandrecavaliere.com\/en\/wp-json\/wp\/v2\/pages"}],"about":[{"href":"http:\/\/alexandrecavaliere.com\/en\/wp-json\/wp\/v2\/types\/page"}],"author":[{"embeddable":true,"href":"http:\/\/alexandrecavaliere.com\/en\/wp-json\/wp\/v2\/users\/1"}],"replies":[{"embeddable":true,"href":"http:\/\/alexandrecavaliere.com\/en\/wp-json\/wp\/v2\/comments?post=8"}],"version-history":[{"count":48,"href":"http:\/\/alexandrecavaliere.com\/en\/wp-json\/wp\/v2\/pages\/8\/revisions"}],"predecessor-version":[{"id":458,"href":"http:\/\/alexandrecavaliere.com\/en\/wp-json\/wp\/v2\/pages\/8\/revisions\/458"}],"wp:attachment":[{"href":"http:\/\/alexandrecavaliere.com\/en\/wp-json\/wp\/v2\/media?parent=8"}],"curies":[{"name":"wp","href":"https:\/\/api.w.org\/{rel}","templated":true}]}}