{"id":19,"date":"2025-10-28T15:24:15","date_gmt":"2025-10-28T15:24:15","guid":{"rendered":"https:\/\/alexandrecavaliere.com\/?page_id=19"},"modified":"2025-11-20T09:15:17","modified_gmt":"2025-11-20T09:15:17","slug":"contact","status":"publish","type":"page","link":"http:\/\/alexandrecavaliere.com\/en\/contact","title":{"rendered":"Contact"},"content":{"rendered":"<p><\/p>\n\n\n\n<hr class=\"wp-block-separator has-alpha-channel-opacity\"\/>\n\n\n\n<h3 class=\"wp-block-heading\">Booking \/ Press<\/h3>\n\n\n\n<p><strong>Scene Off. Music Management<\/strong><br><\/p>\n\n\n\n<figure class=\"wp-block-image size-full\"><img loading=\"lazy\" decoding=\"async\" width=\"225\" height=\"225\" src=\"https:\/\/alexandrecavaliere.com\/wp-content\/uploads\/2025\/10\/images.png\" alt=\"\" class=\"wp-image-275\" srcset=\"http:\/\/alexandrecavaliere.com\/wp-content\/uploads\/2025\/10\/images.png 225w, http:\/\/alexandrecavaliere.com\/wp-content\/uploads\/2025\/10\/images-150x150.png 150w\" sizes=\"auto, (max-width: 225px) 100vw, 225px\" \/><\/figure>\n\n\n\n<p><mark style=\"background-color:rgba(0, 0, 0, 0)\" class=\"has-inline-color has-black-color\">asbl SceneOff vzw<\/mark>\u00a0<\/p>\n\n\n\n<p><mark style=\"background-color:rgba(0, 0, 0, 0)\" class=\"has-inline-color has-black-color\">Square L\u00e9opold, 17\/2<br>1020 Brussels (Laeken) \u2013 Belgium<\/mark><\/p>\n\n\n\n<p><mark style=\"background-color:rgba(0, 0, 0, 0)\" class=\"has-inline-color has-black-color\">+32 474 50 43 51<\/mark><br><a href=\"mailto:info@sceneoff.com\">info@sceneoff.com<\/a><\/p>\n\n\n\n<p><a href=\"http:\/\/www.sceneoff.com\" target=\"_blank\" rel=\"noreferrer noopener\">www.sceneoff.com<\/a><\/p>\n\n\n\n<hr class=\"wp-block-separator has-alpha-channel-opacity\"\/>\n\n\n\n<h3 class=\"wp-block-heading\">Teaching<\/h3>\n\n\n\n<p><mark style=\"background-color:rgba(0, 0, 0, 0)\" class=\"has-inline-color has-black-color\">Alexandre Cavaliere teaches at the Koninklijk Conservatorium Brussel<\/mark><\/p>\n\n\n\n<figure class=\"wp-block-image size-full is-resized\"><img loading=\"lazy\" decoding=\"async\" width=\"230\" height=\"140\" src=\"https:\/\/alexandrecavaliere.com\/wp-content\/uploads\/2025\/10\/logo-805645.svg\" alt=\"\" class=\"wp-image-280\" style=\"width:245px;height:auto\"\/><\/figure>\n\n\n\n<ul class=\"wp-block-list\">\n<li><a href=\"https:\/\/www.kcb.be\">Koninklijk Conservatorium Brussel<\/a><\/li>\n<\/ul>\n\n\n\n<p><mark style=\"background-color:rgba(0, 0, 0, 0)\" class=\"has-inline-color has-black-color\">And also in various music academies <\/mark><\/p>\n\n\n\n<ul class=\"wp-block-list\">\n<li><a href=\"https:\/\/www.uccle.be\/fr\/enseignement\/academie-musique\">Acad\u00e9mie d\u2019Uccle<\/a><\/li>\n\n\n\n<li><a href=\"https:\/\/www.charleroi.be\/enseignement\/academies\">Acad\u00e9mie de Marchienne-au-Pont<\/a><\/li>\n<\/ul>\n\n\n\n<hr class=\"wp-block-separator has-alpha-channel-opacity\"\/>\n\n\n\n<h3 class=\"wp-block-heading\">Instrument<\/h3>\n\n\n\n<figure class=\"wp-block-image size-full is-resized\"><img loading=\"lazy\" decoding=\"async\" width=\"276\" height=\"288\" src=\"https:\/\/alexandrecavaliere.com\/wp-content\/uploads\/2025\/10\/10419.png\" alt=\"\" class=\"wp-image-285\" style=\"width:150px;height:auto\"\/><\/figure>\n\n\n\n<p><mark style=\"background-color:rgba(0, 0, 0, 0)\" class=\"has-inline-color has-black-color\">Alexandre plays on a violin made by the French luthier<\/mark><br><strong><a href=\"https:\/\/www.fabiengram.fr\">Fabien Gram<\/a><\/strong><\/p>\n\n\n\n<hr class=\"wp-block-separator has-alpha-channel-opacity\"\/>\n\n\n\n<h3 class=\"wp-block-heading\">Contact g\u00e9n\u00e9ral<\/h3>\n\n\n\n<div id=\"wp-block-themeisle-blocks-form-7e759190\" class=\"wp-block-themeisle-blocks-form\" data-option-name=\"bf9b28ff82ce323187abc5d0feb0d8f07ecd8436_7e759190\"><form class=\"otter-form__container\" action=\"\">\n<div id=\"wp-block-themeisle-blocks-form-input-9cef7f67\" class=\"wp-block-themeisle-blocks-form-input\"><label for=\"wp-block-themeisle-blocks-form-input-9cef7f67-input\" class=\"otter-form-input-label\"><span class=\"otter-form-input-label__label\">Name<\/span><span class=\"required\">*<\/span><\/label><input type=\"text\" id=\"wp-block-themeisle-blocks-form-input-9cef7f67-input\" required class=\"otter-form-input\"\/><\/div>\n\n\n\n<div id=\"wp-block-themeisle-blocks-form-input-12d29d61\" class=\"wp-block-themeisle-blocks-form-input\"><label for=\"wp-block-themeisle-blocks-form-input-12d29d61-input\" class=\"otter-form-input-label\"><span class=\"otter-form-input-label__label\">Email<\/span><span class=\"required\">*<\/span><\/label><input type=\"email\" id=\"wp-block-themeisle-blocks-form-input-12d29d61-input\" required class=\"otter-form-input\"\/><\/div>\n\n\n<div class=\"protection\" aria-hidden=\"true\"><input type=\"hidden\" id=\"wp-block-themeisle-blocks-form-7e759190_nonce_field\" name=\"wp-block-themeisle-blocks-form-7e759190_nonce_field\" value=\"e9176ac201\" \/><input type=\"hidden\" name=\"_wp_http_referer\" value=\"\/en\/wp-json\/wp\/v2\/pages\/19\" \/><input class=\"o-anti-bot\" type=\"checkbox\"><\/div>\n\n\n<div id=\"wp-block-themeisle-blocks-form-textarea-498af3b4\" class=\"wp-block-themeisle-blocks-form-textarea\"><label for=\"wp-block-themeisle-blocks-form-textarea-498af3b4-input\" class=\"otter-form-textarea-label\"><span class=\"otter-form-textarea-label__label\">Message<\/span><\/label><textarea id=\"wp-block-themeisle-blocks-form-textarea-498af3b4-input\" rows=\"10\" class=\"otter-form-textarea-input\"><\/textarea><\/div>\n\n\n\n<p class=\"has-extra-small-font-size\">You agree to receive email communication from us by submitting this form and understand that your contact information will be stored with us.<\/p>\n<div class=\"wp-block-button\"><button class=\"wp-block-button__link\" type=\"submit\">Submit<\/button><\/div><input type=\"hidden\" name=\"trp-form-language\" value=\"en\"\/><\/form><\/div>\n\n\n\n<p><br><\/p>\n\n\n\n<h3 class=\"wp-block-heading\"><\/h3>","protected":false},"excerpt":{"rendered":"<p>Booking \/ Presse Scene Off. Music Management asbl SceneOff vzw\u00a0 Square L\u00e9opold, 17\/21020 Brussels (Laeken) \u2013 Belgium +32 474 50 43 51info@sceneoff.com www.sceneoff.com Enseignement Alexandre Cavaliere enseigne au Koninklijk Conservatorium Brussel : Mais aussi dans diff\u00e9rentes acad\u00e9mies : Instrument Alexandre joue sur un violon du luthier fran\u00e7aisFabien Gram Contact g\u00e9n\u00e9ral<\/p>","protected":false},"author":1,"featured_media":0,"parent":0,"menu_order":0,"comment_status":"closed","ping_status":"closed","template":"","meta":{"_themeisle_gutenberg_block_has_review":false,"footnotes":""},"class_list":["post-19","page","type-page","status-publish","hentry"],"_links":{"self":[{"href":"http:\/\/alexandrecavaliere.com\/en\/wp-json\/wp\/v2\/pages\/19","targetHints":{"allow":["GET"]}}],"collection":[{"href":"http:\/\/alexandrecavaliere.com\/en\/wp-json\/wp\/v2\/pages"}],"about":[{"href":"http:\/\/alexandrecavaliere.com\/en\/wp-json\/wp\/v2\/types\/page"}],"author":[{"embeddable":true,"href":"http:\/\/alexandrecavaliere.com\/en\/wp-json\/wp\/v2\/users\/1"}],"replies":[{"embeddable":true,"href":"http:\/\/alexandrecavaliere.com\/en\/wp-json\/wp\/v2\/comments?post=19"}],"version-history":[{"count":31,"href":"http:\/\/alexandrecavaliere.com\/en\/wp-json\/wp\/v2\/pages\/19\/revisions"}],"predecessor-version":[{"id":399,"href":"http:\/\/alexandrecavaliere.com\/en\/wp-json\/wp\/v2\/pages\/19\/revisions\/399"}],"wp:attachment":[{"href":"http:\/\/alexandrecavaliere.com\/en\/wp-json\/wp\/v2\/media?parent=19"}],"curies":[{"name":"wp","href":"https:\/\/api.w.org\/{rel}","templated":true}]}}