{"id":13,"date":"2025-10-28T15:23:48","date_gmt":"2025-10-28T15:23:48","guid":{"rendered":"https:\/\/alexandrecavaliere.com\/?page_id=13"},"modified":"2025-11-20T08:40:33","modified_gmt":"2025-11-20T08:40:33","slug":"albums","status":"publish","type":"page","link":"http:\/\/alexandrecavaliere.com\/en\/albums","title":{"rendered":"Albums"},"content":{"rendered":"<h2 class=\"wp-block-heading animated fadeIn slower\">New album (2026)<\/h2>\n\n\n\n<figure class=\"wp-block-image size-large is-resized\"><img loading=\"lazy\" decoding=\"async\" width=\"576\" height=\"1024\" src=\"http:\/\/alexandrecavaliere.com\/wp-content\/uploads\/2025\/10\/PHOTO-2025-10-29-14-37-08-576x1024.jpg\" alt=\"\" class=\"wp-image-142\" style=\"width:152px;height:auto\" srcset=\"http:\/\/alexandrecavaliere.com\/wp-content\/uploads\/2025\/10\/PHOTO-2025-10-29-14-37-08-576x1024.jpg 576w, http:\/\/alexandrecavaliere.com\/wp-content\/uploads\/2025\/10\/PHOTO-2025-10-29-14-37-08-169x300.jpg 169w, http:\/\/alexandrecavaliere.com\/wp-content\/uploads\/2025\/10\/PHOTO-2025-10-29-14-37-08-768x1365.jpg 768w, http:\/\/alexandrecavaliere.com\/wp-content\/uploads\/2025\/10\/PHOTO-2025-10-29-14-37-08-864x1536.jpg 864w, http:\/\/alexandrecavaliere.com\/wp-content\/uploads\/2025\/10\/PHOTO-2025-10-29-14-37-08.jpg 900w\" sizes=\"auto, (max-width: 576px) 100vw, 576px\" \/><\/figure>\n\n\n\n<p class=\"translation-block\"><span style=\"color:#000000\">\nUpcoming album, composed exclusively of original creations.<br>\nA modern, deep, and melodic jazz carried by exceptional musicians:<br>\n<strong>Nicola Andrioli<\/strong>, <strong>St\u00e9phane Galland<\/strong>, <strong>Reggie Washington<\/strong>, \u2026<br>\nRecording scheduled at Studio Pyramide, with the collaboration of Pascal Snoeck.\n<\/span><\/p>\n\n\n\n<p><strong>Coming soon<\/strong><\/p>\n\n\n\n<hr class=\"wp-block-separator has-text-color has-luminous-vivid-amber-color has-alpha-channel-opacity has-luminous-vivid-amber-background-color has-background is-style-default\"\/>\n\n\n\n<h3 class=\"wp-block-heading\">Tribute to Didier Lockwood (2023)<\/h3>\n\n\n\n<figure class=\"wp-block-image size-large is-resized\"><img loading=\"lazy\" decoding=\"async\" width=\"1024\" height=\"1024\" src=\"http:\/\/alexandrecavaliere.com\/wp-content\/uploads\/2025\/10\/a0208278330_10-1024x1024.jpg\" alt=\"\" class=\"wp-image-44\" style=\"width:250px;height:auto\" srcset=\"http:\/\/alexandrecavaliere.com\/wp-content\/uploads\/2025\/10\/a0208278330_10-1024x1024.jpg 1024w, http:\/\/alexandrecavaliere.com\/wp-content\/uploads\/2025\/10\/a0208278330_10-300x300.jpg 300w, http:\/\/alexandrecavaliere.com\/wp-content\/uploads\/2025\/10\/a0208278330_10-150x150.jpg 150w, http:\/\/alexandrecavaliere.com\/wp-content\/uploads\/2025\/10\/a0208278330_10-768x768.jpg 768w, http:\/\/alexandrecavaliere.com\/wp-content\/uploads\/2025\/10\/a0208278330_10.jpg 1200w\" sizes=\"auto, (max-width: 1024px) 100vw, 1024px\" \/><\/figure>\n\n\n\n<p class=\"translation-block\"><span style=\"color:#000000\">\nWith <strong>Tribute to Didier Lockwood<\/strong>, Alexandre Cavaliere pays homage to the musician who profoundly shaped his journey and inspired an entire generation of violinists.<br>\nMore than a simple album of reinterpretations, this project is a declaration of love to the freedom, creativity, and transmission that Didier embodied.\n<\/span><\/p>\n\n\n\n<p class=\"translation-block\"><span style=\"color:#000000\">\nThrough sensitive interpretations and bold reworkings, Alexandre revisits the universe of the master while infusing it with his own sonic identity \u2014 blending lyricism, energy, and vibrant improvisation.<br>\nSurrounded by a close-knit quartet, he delivers a heartfelt album that is both respectful and personal, where every note resonates like a gesture of gratitude.\n<\/span><\/p>\n\n\n\n<p><a href=\"https:\/\/www.youtube.com\/watch?v=MuIXEeSVSHI\" target=\"_blank\" rel=\"noreferrer noopener\">Watch on YouTube<\/a> | <a href=\"https:\/\/homerecordsbe.bandcamp.com\/album\/tribute-to-didier-lockwood\" target=\"_blank\" rel=\"noreferrer noopener\">Buy on Bandcamp<\/a><\/p>\n\n\n\n<hr class=\"wp-block-separator has-alpha-channel-opacity\"\/>\n\n\n\n<h3 class=\"wp-block-heading\">Rebounce (2023)<\/h3>\n\n\n\n<figure class=\"wp-block-image size-large is-resized\"><img loading=\"lazy\" decoding=\"async\" width=\"1024\" height=\"1024\" src=\"http:\/\/alexandrecavaliere.com\/wp-content\/uploads\/2025\/10\/Rebounce-3000px-cover\u00a9LucasRacasse-1024x1024.jpg\" alt=\"\" class=\"wp-image-47\" style=\"width:248px;height:auto\" srcset=\"http:\/\/alexandrecavaliere.com\/wp-content\/uploads\/2025\/10\/Rebounce-3000px-cover\u00a9LucasRacasse-1024x1024.jpg 1024w, http:\/\/alexandrecavaliere.com\/wp-content\/uploads\/2025\/10\/Rebounce-3000px-cover\u00a9LucasRacasse-300x300.jpg 300w, http:\/\/alexandrecavaliere.com\/wp-content\/uploads\/2025\/10\/Rebounce-3000px-cover\u00a9LucasRacasse-150x150.jpg 150w, http:\/\/alexandrecavaliere.com\/wp-content\/uploads\/2025\/10\/Rebounce-3000px-cover\u00a9LucasRacasse-768x768.jpg 768w, http:\/\/alexandrecavaliere.com\/wp-content\/uploads\/2025\/10\/Rebounce-3000px-cover\u00a9LucasRacasse-1536x1536.jpg 1536w, http:\/\/alexandrecavaliere.com\/wp-content\/uploads\/2025\/10\/Rebounce-3000px-cover\u00a9LucasRacasse-2048x2048.jpg 2048w\" sizes=\"auto, (max-width: 1024px) 100vw, 1024px\" \/><\/figure>\n\n\n\n<p class=\"translation-block\"><span style=\"color:#000000\">\nThe jazz violin of <strong>Alexandre Cavaliere<\/strong> and the classical guitar of <strong>Adrien Brogna<\/strong> blend with talent, finesse, and joy. Brazilian colors resonate over improvisations that are as eclectic as they are surprising. But it is not only the Brazil of Jobim or Guinga that is invoked. Mauricio Carrilho, Marcos &amp; Paulo Valle, Didier Lockwood\u2026 are also reinterpreted in deeply personal flights. It is beautiful, delicate, and luminous.\n<\/span><br><\/p>\n\n\n\n<p><a href=\"https:\/\/www.youtube.com\/playlist?list=OLAK5uy_kv3UYr22T4YrXnnVaQ-5ns4_ZWQ6bcar0\" target=\"_blank\" rel=\"noreferrer noopener\">Listen on YouTube<\/a> | <a href=\"https:\/\/sceneoff.com\/product\/rebounce\/\" target=\"_blank\" rel=\"noreferrer noopener\">Buy the album<\/a><\/p>\n\n\n\n<hr class=\"wp-block-separator has-alpha-channel-opacity\"\/>\n\n\n\n<h3 class=\"wp-block-heading\">Manouche Moderne (2020)<\/h3>\n\n\n\n<figure class=\"wp-block-image size-full is-resized\"><img loading=\"lazy\" decoding=\"async\" width=\"1024\" height=\"1024\" src=\"http:\/\/alexandrecavaliere.com\/wp-content\/uploads\/2025\/10\/4446218-Manouche-Moderne-Alexandre-Cavaliere.jpg\" alt=\"\" class=\"wp-image-43\" style=\"width:250px;height:auto\" srcset=\"http:\/\/alexandrecavaliere.com\/wp-content\/uploads\/2025\/10\/4446218-Manouche-Moderne-Alexandre-Cavaliere.jpg 1024w, http:\/\/alexandrecavaliere.com\/wp-content\/uploads\/2025\/10\/4446218-Manouche-Moderne-Alexandre-Cavaliere-300x300.jpg 300w, http:\/\/alexandrecavaliere.com\/wp-content\/uploads\/2025\/10\/4446218-Manouche-Moderne-Alexandre-Cavaliere-150x150.jpg 150w, http:\/\/alexandrecavaliere.com\/wp-content\/uploads\/2025\/10\/4446218-Manouche-Moderne-Alexandre-Cavaliere-768x768.jpg 768w\" sizes=\"auto, (max-width: 1024px) 100vw, 1024px\" \/><\/figure>\n\n\n\n<p class=\"translation-block\"><span style=\"color:#000000\">\nWith <strong>Manouche Moderne<\/strong>, Alexandre Cavaliere opens a new chapter in his artistic journey.<br>\nSurrounded by close musical partners, he explores a jazz that is both rooted in the swing tradition and firmly oriented toward modernity.<br>\nThis album marks the emergence of a more personal writing style, where melodies sing, harmonies deepen, and improvisation becomes the guiding thread of a deeply expressive language.\n<\/span><\/p>\n\n\n\n<p class=\"translation-block\"><span style=\"color:#000000\">\nThrough original compositions and subtle arrangements, <em>Manouche Moderne<\/em> reflects the maturity of an artist who connects heritage and innovation without ever opposing them.<br>\nAn album that affirms the identity of a violinist with a singular voice, standing at the crossroads of aesthetics and emotion.\n<\/span><\/p>\n\n\n\n<p><a href=\"https:\/\/www.youtube.com\/watch?v=15zhR3Ig2EA\" target=\"_blank\" rel=\"noreferrer noopener\">Watch on YouTube<\/a> | <a href=\"https:\/\/www.paypal.com\/ncp\/payment\/V3CKETP5KYWCJ\" target=\"_blank\" rel=\"noreferrer noopener\">Buy the album<\/a><\/p>\n\n\n\n<hr class=\"wp-block-separator has-text-color has-luminous-vivid-amber-color has-alpha-channel-opacity has-luminous-vivid-amber-background-color has-background\"\/>\n\n\n\n<h3 class=\"wp-block-heading\">Tides (2017)<\/h3>\n\n\n\n<figure class=\"wp-block-image size-full is-resized\"><img loading=\"lazy\" decoding=\"async\" width=\"720\" height=\"720\" src=\"http:\/\/alexandrecavaliere.com\/wp-content\/uploads\/2025\/10\/Almadav-Project-Tides-Cristal-Records-1-e1559038144984.jpg\" alt=\"\" class=\"wp-image-157\" style=\"width:259px;height:auto\" srcset=\"http:\/\/alexandrecavaliere.com\/wp-content\/uploads\/2025\/10\/Almadav-Project-Tides-Cristal-Records-1-e1559038144984.jpg 720w, http:\/\/alexandrecavaliere.com\/wp-content\/uploads\/2025\/10\/Almadav-Project-Tides-Cristal-Records-1-e1559038144984-300x300.jpg 300w, http:\/\/alexandrecavaliere.com\/wp-content\/uploads\/2025\/10\/Almadav-Project-Tides-Cristal-Records-1-e1559038144984-150x150.jpg 150w\" sizes=\"auto, (max-width: 720px) 100vw, 720px\" \/><\/figure>\n\n\n\n<p class=\"translation-block\"><span style=\"color:#000000\">\n<strong>Alexandre Cavaliere<\/strong>, a virtuoso violinist recognized from a very young age (first album at 12!), has over the years and through key encounters freed himself from his Gypsy swing influences. Together with the other musicians of the <strong>Almadav Project<\/strong>, he has formed a completely original ensemble, where a trombone, a guitar, and a violin join the traditional rhythm section.<br>\nDrawing from their diverse experiences and influences \u2014 starting with the eclecticism and creativity of Belgian jazz \u2014 the musicians of <strong>Almadav Project<\/strong> create, through their compositions, a modern jazz that remains deeply rooted in tradition.\n<\/span><\/p>\n\n\n\n<p><a href=\"https:\/\/www.youtube.com\/watch?v=bxD8ZsYarA0\" target=\"_blank\" rel=\"noreferrer noopener\">Listen on YouTube<\/a> | <a href=\"https:\/\/www.cristalrecords.com\/albums\/tides\/\" target=\"_blank\" rel=\"noreferrer noopener\">Buy the album<\/a><\/p>\n\n\n\n<hr class=\"wp-block-separator has-alpha-channel-opacity\"\/>\n\n\n\n<h3 class=\"wp-block-heading\">Three of Might Part I (2009)<\/h3>\n\n\n\n<figure class=\"wp-block-image size-full is-resized\"><img loading=\"lazy\" decoding=\"async\" width=\"500\" height=\"500\" src=\"http:\/\/alexandrecavaliere.com\/wp-content\/uploads\/2025\/10\/pxjCiH2OHWmsWZTaqO8Fp9J4AqJyknnCSPj7A7yt-500x500-1.jpg\" alt=\"\" class=\"wp-image-158\" style=\"width:262px;height:auto\" srcset=\"http:\/\/alexandrecavaliere.com\/wp-content\/uploads\/2025\/10\/pxjCiH2OHWmsWZTaqO8Fp9J4AqJyknnCSPj7A7yt-500x500-1.jpg 500w, http:\/\/alexandrecavaliere.com\/wp-content\/uploads\/2025\/10\/pxjCiH2OHWmsWZTaqO8Fp9J4AqJyknnCSPj7A7yt-500x500-1-300x300.jpg 300w, http:\/\/alexandrecavaliere.com\/wp-content\/uploads\/2025\/10\/pxjCiH2OHWmsWZTaqO8Fp9J4AqJyknnCSPj7A7yt-500x500-1-150x150.jpg 150w\" sizes=\"auto, (max-width: 500px) 100vw, 500px\" \/><\/figure>\n\n\n\n<p><br><mark style=\"background-color:rgba(0, 0, 0, 0)\" class=\"has-inline-color has-black-color\">Combining electric jazz and graphic art, the Darwin Case concept aims to go beyond a simple \u2018video\u2013audio\u2019 collage to create true interaction.<\/mark><\/p>\n\n\n\n<p class=\"translation-block\"><span style=\"color:#000000\">\nInitiated by <strong>Xavier Rog\u00e9<\/strong>, improvisation \u2014 at the heart of the project \u2014 is both musical and graphical. Video projections and live painting sometimes draw inspiration from the music, and at other times guide and fuel the musicians\u2019 creativity.<br>\nResolutely modern and embracing everything digital, the music of this promising project carries no complexes and no limits. Jazz becomes <em>ambient<\/em>, punctuating its groove with electronic elements.\n<\/span><\/p>\n\n\n\n<p><a href=\"https:\/\/www.youtube.com\/watch?v=Snh5cRGRJCE&amp;list=RDSnh5cRGRJCE&amp;start_radio=1\" target=\"_blank\" rel=\"noreferrer noopener\">Listen on YouTube<\/a> | <a href=\"https:\/\/www.paypal.com\/ncp\/payment\/JSY4TXKFSR3E2\" target=\"_blank\" rel=\"noreferrer noopener\">Buy the album<\/a><\/p>\n\n\n\n<hr class=\"wp-block-separator has-alpha-channel-opacity\"\/>\n\n\n\n<div class=\"wp-block-columns is-layout-flex wp-container-core-columns-is-layout-9d6595d7 wp-block-columns-is-layout-flex\">\n<div class=\"wp-block-column is-layout-flow wp-block-column-is-layout-flow\">\n<h2 class=\"wp-block-heading\">Familles (2008) <\/h2>\n\n\n\n<figure class=\"wp-block-image size-large\"><img loading=\"lazy\" decoding=\"async\" width=\"1024\" height=\"1024\" src=\"https:\/\/alexandrecavaliere.com\/wp-content\/uploads\/2025\/10\/Familles-Front-Cover-1024x1024.jpg\" alt=\"\" class=\"wp-image-204\" srcset=\"http:\/\/alexandrecavaliere.com\/wp-content\/uploads\/2025\/10\/Familles-Front-Cover-1024x1024.jpg 1024w, http:\/\/alexandrecavaliere.com\/wp-content\/uploads\/2025\/10\/Familles-Front-Cover-300x300.jpg 300w, http:\/\/alexandrecavaliere.com\/wp-content\/uploads\/2025\/10\/Familles-Front-Cover-150x150.jpg 150w, http:\/\/alexandrecavaliere.com\/wp-content\/uploads\/2025\/10\/Familles-Front-Cover-768x768.jpg 768w, http:\/\/alexandrecavaliere.com\/wp-content\/uploads\/2025\/10\/Familles-Front-Cover.jpg 1408w\" sizes=\"auto, (max-width: 1024px) 100vw, 1024px\" \/><\/figure>\n\n\n\n<p><a href=\"https:\/\/www.paypal.com\/ncp\/payment\/HELZXLUXJXNHJ\" target=\"_blank\" rel=\"noreferrer noopener\">Acheter<\/a><\/p>\n<\/div>\n\n\n\n<div class=\"wp-block-column is-layout-flow wp-block-column-is-layout-flow\">\n<h2 class=\"wp-block-heading\">Familles 2 (2013)<\/h2>\n\n\n\n<figure class=\"wp-block-image size-large\"><img loading=\"lazy\" decoding=\"async\" width=\"1024\" height=\"1024\" src=\"https:\/\/alexandrecavaliere.com\/wp-content\/uploads\/2025\/10\/Front-Cover-Familles-2-1024x1024.jpg\" alt=\"\" class=\"wp-image-200\" srcset=\"http:\/\/alexandrecavaliere.com\/wp-content\/uploads\/2025\/10\/Front-Cover-Familles-2-1024x1024.jpg 1024w, http:\/\/alexandrecavaliere.com\/wp-content\/uploads\/2025\/10\/Front-Cover-Familles-2-300x300.jpg 300w, http:\/\/alexandrecavaliere.com\/wp-content\/uploads\/2025\/10\/Front-Cover-Familles-2-150x150.jpg 150w, http:\/\/alexandrecavaliere.com\/wp-content\/uploads\/2025\/10\/Front-Cover-Familles-2-768x768.jpg 768w, http:\/\/alexandrecavaliere.com\/wp-content\/uploads\/2025\/10\/Front-Cover-Familles-2.jpg 1408w\" sizes=\"auto, (max-width: 1024px) 100vw, 1024px\" \/><\/figure>\n\n\n\n<p><a href=\"https:\/\/www.paypal.com\/ncp\/payment\/GWP4QT25Y846A\" target=\"_blank\" rel=\"noreferrer noopener\">Acheter<\/a><\/p>\n<\/div>\n\n\n\n<div class=\"wp-block-column is-layout-flow wp-block-column-is-layout-flow\">\n<h2 class=\"wp-block-heading\">Familles 1&amp;2 (2013)<\/h2>\n\n\n\n<figure class=\"wp-block-image size-large\"><img loading=\"lazy\" decoding=\"async\" width=\"1024\" height=\"1012\" src=\"https:\/\/alexandrecavaliere.com\/wp-content\/uploads\/2025\/10\/Familles-1-2-Front-cover-1024x1012.jpg\" alt=\"\" class=\"wp-image-201\" srcset=\"http:\/\/alexandrecavaliere.com\/wp-content\/uploads\/2025\/10\/Familles-1-2-Front-cover-1024x1012.jpg 1024w, http:\/\/alexandrecavaliere.com\/wp-content\/uploads\/2025\/10\/Familles-1-2-Front-cover-300x297.jpg 300w, http:\/\/alexandrecavaliere.com\/wp-content\/uploads\/2025\/10\/Familles-1-2-Front-cover-768x759.jpg 768w, http:\/\/alexandrecavaliere.com\/wp-content\/uploads\/2025\/10\/Familles-1-2-Front-cover.jpg 1424w\" sizes=\"auto, (max-width: 1024px) 100vw, 1024px\" \/><\/figure>\n\n\n\n<p><a href=\"https:\/\/www.paypal.com\/ncp\/payment\/BL4EYFCGXSFW2\" target=\"_blank\" rel=\"noreferrer noopener\">Acheter<\/a><\/p>\n<\/div>\n<\/div>\n\n\n\n<p class=\"translation-block\"><span style=\"color:#000000\">\nThe second album recorded with <em>Jazzy Strings<\/em>, the group founded by his father, <strong>Familles<\/strong> holds a special place in Alexandre Cavaliere\u2019s journey.<br>\nThis project embodies the musical bond and transmission that shaped his early years.<br>\nBlending Gypsy swing, melodic elegance, and a strong family spirit, this album features prestigious guests such as <strong>Dorado Schmitt<\/strong>, <strong>Samson Schmitt<\/strong>, <strong>Tcha Limberger<\/strong>, and <strong>Philip Catherine<\/strong>.<br>\nA vibrant testimony to a generation of musicians united by jazz and the tradition of swing.\n<\/span><\/p>\n\n\n\n<p><a href=\"https:\/\/www.youtube.com\/watch?v=S9oFY1wHyX4\" target=\"_blank\" rel=\"noreferrer noopener\">Watch on YouTube<\/a> <\/p>\n\n\n\n<hr class=\"wp-block-separator has-alpha-channel-opacity\"\/>\n\n\n\n<h3 class=\"wp-block-heading\">Nomades (2002)<\/h3>\n\n\n\n<figure class=\"wp-block-image size-large is-resized\"><img loading=\"lazy\" decoding=\"async\" width=\"1024\" height=\"1012\" src=\"https:\/\/alexandrecavaliere.com\/wp-content\/uploads\/2025\/10\/Front-Cover-Nomades_3-1024x1012.jpg\" alt=\"\" class=\"wp-image-208\" style=\"width:271px;height:auto\" srcset=\"http:\/\/alexandrecavaliere.com\/wp-content\/uploads\/2025\/10\/Front-Cover-Nomades_3-1024x1012.jpg 1024w, http:\/\/alexandrecavaliere.com\/wp-content\/uploads\/2025\/10\/Front-Cover-Nomades_3-300x297.jpg 300w, http:\/\/alexandrecavaliere.com\/wp-content\/uploads\/2025\/10\/Front-Cover-Nomades_3-768x759.jpg 768w, http:\/\/alexandrecavaliere.com\/wp-content\/uploads\/2025\/10\/Front-Cover-Nomades_3.jpg 1408w\" sizes=\"auto, (max-width: 1024px) 100vw, 1024px\" \/><\/figure>\n\n\n\n<p class=\"translation-block\"><span style=\"color:#000000\">\nWith <strong>Nomades<\/strong>, artistically produced by <em>Didier Lockwood<\/em>, Alexandre Cavaliere takes a new step in his musical journey.<br>\nAccompanied by <strong>Beno\u00eet Sourisse<\/strong>, <strong>Andr\u00e9 Charlier<\/strong>, and <strong>Jean Wellers<\/strong>, he delivers an album of great maturity, blending virtuosity, lyricism, and stylistic openness.<br>\nBetween original compositions and nods to the masters of jazz, <em>Nomades<\/em> reflects the encounter between the energy of a young soloist and the experience of exceptional musicians.\n<\/span><\/p>\n\n\n\n<p><a href=\"https:\/\/www.youtube.com\/watch?v=nZxDgfS2M2U\" target=\"_blank\" rel=\"noreferrer noopener\">Watch on YouTube<\/a> | <a href=\"https:\/\/www.youtube.com\/playlist?list=OLAK5uy_lscUgAHT0rFajcXvkb1qDPWyH6Njhx_Gw\" target=\"_blank\" rel=\"noreferrer noopener\">Listen on YouTube<\/a><\/p>\n\n\n\n<hr class=\"wp-block-separator has-alpha-channel-opacity\"\/>\n\n\n\n<h3 class=\"wp-block-heading\">L&rsquo;Album (1998)<\/h3>\n\n\n\n<figure class=\"wp-block-image size-large is-resized\"><img loading=\"lazy\" decoding=\"async\" width=\"1024\" height=\"1024\" src=\"https:\/\/alexandrecavaliere.com\/wp-content\/uploads\/2025\/10\/Front-cover-lalbum_2-1024x1024.jpg\" alt=\"\" class=\"wp-image-207\" style=\"width:263px;height:auto\" srcset=\"http:\/\/alexandrecavaliere.com\/wp-content\/uploads\/2025\/10\/Front-cover-lalbum_2-1024x1024.jpg 1024w, http:\/\/alexandrecavaliere.com\/wp-content\/uploads\/2025\/10\/Front-cover-lalbum_2-300x300.jpg 300w, http:\/\/alexandrecavaliere.com\/wp-content\/uploads\/2025\/10\/Front-cover-lalbum_2-150x150.jpg 150w, http:\/\/alexandrecavaliere.com\/wp-content\/uploads\/2025\/10\/Front-cover-lalbum_2-768x768.jpg 768w, http:\/\/alexandrecavaliere.com\/wp-content\/uploads\/2025\/10\/Front-cover-lalbum_2.jpg 1392w\" sizes=\"auto, (max-width: 1024px) 100vw, 1024px\" \/><\/figure>\n\n\n\n<p class=\"translation-block\"><span style=\"color:#000000\">\nThe first album recorded with <em>Jazzy Strings<\/em>, the group founded by his father, this recording marks the beginnings of <strong>Alexandre Cavaliere<\/strong> on the Gypsy jazz scene.<br>\nAt just twelve years old, he impressed audiences with his maturity and virtuosity, revealed to the public after being noticed by <strong>Didier Lockwood<\/strong> and <strong>Babik Reinhardt<\/strong>.\n<\/span><br>\n<span style=\"color:#000000\">\nThis album captures the freshness, spontaneity, and talent of a young musician already deeply driven by swing and improvisation.\n<\/span><\/p>\n\n\n\n<p><a href=\"https:\/\/www.youtube.com\/watch?v=Vey2qBHUtPY\" target=\"_blank\" rel=\"noreferrer noopener\">Watch on YouTube<\/a><\/p>","protected":false},"excerpt":{"rendered":"<p>Nouvel album (2026) Album \u00e0 venir, compos\u00e9 exclusivement de cr\u00e9ations originales.Un jazz moderne, profond et m\u00e9lodique, port\u00e9 par des musiciens d\u2019exception :Nicola Andrioli, St\u00e9phane Galland, Reggie Washington, &#8230;Enregistrement pr\u00e9vu au Studio Pyramide, avec la complicit\u00e9 de Pascal Snoeck . \u00c0 venir Tribute to Didier Lockwood (2023) Avec Tribute to Didier Lockwood, Alexandre Cavaliere rend hommage [&hellip;]<\/p>","protected":false},"author":1,"featured_media":0,"parent":0,"menu_order":0,"comment_status":"closed","ping_status":"closed","template":"","meta":{"_themeisle_gutenberg_block_has_review":false,"footnotes":""},"class_list":["post-13","page","type-page","status-publish","hentry"],"_links":{"self":[{"href":"http:\/\/alexandrecavaliere.com\/en\/wp-json\/wp\/v2\/pages\/13","targetHints":{"allow":["GET"]}}],"collection":[{"href":"http:\/\/alexandrecavaliere.com\/en\/wp-json\/wp\/v2\/pages"}],"about":[{"href":"http:\/\/alexandrecavaliere.com\/en\/wp-json\/wp\/v2\/types\/page"}],"author":[{"embeddable":true,"href":"http:\/\/alexandrecavaliere.com\/en\/wp-json\/wp\/v2\/users\/1"}],"replies":[{"embeddable":true,"href":"http:\/\/alexandrecavaliere.com\/en\/wp-json\/wp\/v2\/comments?post=13"}],"version-history":[{"count":40,"href":"http:\/\/alexandrecavaliere.com\/en\/wp-json\/wp\/v2\/pages\/13\/revisions"}],"predecessor-version":[{"id":391,"href":"http:\/\/alexandrecavaliere.com\/en\/wp-json\/wp\/v2\/pages\/13\/revisions\/391"}],"wp:attachment":[{"href":"http:\/\/alexandrecavaliere.com\/en\/wp-json\/wp\/v2\/media?parent=13"}],"curies":[{"name":"wp","href":"https:\/\/api.w.org\/{rel}","templated":true}]}}